{"id":130614,"date":"2023-08-21T13:49:13","date_gmt":"2023-08-21T11:49:13","guid":{"rendered":"https:\/\/ottermedia.de\/kfz-gutachter-winsen\/?page_id=130614"},"modified":"2023-08-21T18:27:27","modified_gmt":"2023-08-21T16:27:27","slug":"ihre-rechte","status":"publish","type":"page","link":"https:\/\/ottermedia.de\/kfz-gutachter-winsen\/ihre-rechte\/","title":{"rendered":"ihre Rechte"},"content":{"rendered":"<section class=\"wpb-content-wrapper\"><p>[vc_row row_height_percent=&#8220;0&#8243; override_padding=&#8220;yes&#8220; h_padding=&#8220;2&#8243; top_padding=&#8220;3&#8243; bottom_padding=&#8220;1&#8243; overlay_alpha=&#8220;50&#8243; gutter_size=&#8220;3&#8243; column_width_percent=&#8220;100&#8243; shift_y=&#8220;0&#8243; z_index=&#8220;0&#8243; enable_top_divider=&#8220;default&#8220; top_divider=&#8220;gradient&#8220; shape_top_h_use_pixel=&#8220;&#8220; shape_top_height=&#8220;500&#8243; shape_top_color=&#8220;color-lxmt&#8220; shape_top_opacity=&#8220;100&#8243; shape_top_index=&#8220;0&#8243; uncode_shortcode_id=&#8220;122063&#8243; shape_top_color_type=&#8220;uncode-palette&#8220;][vc_column column_width_percent=&#8220;100&#8243; gutter_size=&#8220;2&#8243; overlay_alpha=&#8220;48&#8243; shift_x=&#8220;0&#8243; shift_y=&#8220;0&#8243; shift_y_down=&#8220;0&#8243; z_index=&#8220;0&#8243; medium_width=&#8220;0&#8243; mobile_width=&#8220;0&#8243; width=&#8220;1\/1&#8243; uncode_shortcode_id=&#8220;607285&#8243;][vc_custom_heading text_color=&#8220;accent&#8220; text_size=&#8220;h6&#8243; text_transform=&#8220;uppercase&#8220; uncode_shortcode_id=&#8220;189626&#8243; text_color_type=&#8220;uncode-palette&#8220;]KFZ-Gutachter Winsen[\/vc_custom_heading][vc_custom_heading heading_semantic=&#8220;h1&#8243; text_size=&#8220;h1&#8243; separator=&#8220;yes&#8220; separator_color=&#8220;yes&#8220; uncode_shortcode_id=&#8220;682818&#8243;]Ihre Rechte nach einem unverschuldeten Verkehrsunfall[\/vc_custom_heading][\/vc_column][\/vc_row][vc_row row_height_percent=&#8220;0&#8243; override_padding=&#8220;yes&#8220; h_padding=&#8220;2&#8243; top_padding=&#8220;2&#8243; bottom_padding=&#8220;1&#8243; overlay_alpha=&#8220;50&#8243; gutter_size=&#8220;3&#8243; column_width_percent=&#8220;100&#8243; shift_y=&#8220;0&#8243; z_index=&#8220;0&#8243; uncode_shortcode_id=&#8220;388356&#8243;][vc_column width=&#8220;1\/1&#8243;][vc_column_text uncode_shortcode_id=&#8220;214928&#8243;]Bei Bagatellsch\u00e4den bis ca. 750 Euro gilt in der Regel der Kostenvoranschlag als Schadensnachweis. Bei h\u00f6heren Sch\u00e4den ist es ratsam, einen Sachverst\u00e4ndigen einzuschalten, auch wenn ein wirtschaftlicher Totalschaden zu bef\u00fcrchten ist. Als Gesch\u00e4digter haben Sie das Recht, einen eigenen, freien und unabh\u00e4ngigen Sachverst\u00e4ndigen Ihrer Wahl zur Beweissicherung und Feststellung des Schadenumfangs zu beauftragen. Dies gilt auch f\u00fcr den Fall, dass durch den Unfallgegner oder dessen Versicherung bereits ein Gutachter beauftragt wurde. Diesen m\u00fcssen sie nicht akzeptieren.<\/p>\n<p>Die Kosten f\u00fcr ein Sachverst\u00e4ndigengutachten sind erstattungspflichtig und m\u00fcssen in der Regel von der regulierenden Versicherung getragen werden!<\/p>\n<p>Nutzen Sie Ihr Recht einen Rechtsanwalt einzuschalten m\u00f6glichst zeitnah. Sind die Forderungen an die gegnerische Versicherung berechtigt, tr\u00e4gt sie bei unverschuldetem Unfall auch diese Kosten.<\/p>\n<p>[\/vc_column_text][\/vc_column][\/vc_row][vc_row][vc_column column_width_percent=&#8220;100&#8243; gutter_size=&#8220;3&#8243; back_color=&#8220;color-vyce&#8220; overlay_alpha=&#8220;50&#8243; shift_x=&#8220;0&#8243; shift_y=&#8220;0&#8243; shift_y_down=&#8220;0&#8243; z_index=&#8220;0&#8243; medium_width=&#8220;0&#8243; mobile_width=&#8220;0&#8243; width=&#8220;1\/1&#8243; uncode_shortcode_id=&#8220;102270&#8243; back_color_type=&#8220;uncode-palette&#8220;][vc_column_text uncode_shortcode_id=&#8220;897274&#8243;]<strong>Abgesehen vom eigentlichen Schaden k\u00f6nnen durch einen Unfall verschiedene weitere Ersatzanspr\u00fcche entstehen:<\/strong><\/p>\n<ul>\n<li>Ab- und Anmeldekosten<\/li>\n<li>Abschleppkosten<\/li>\n<li>Arbeitsausfall<\/li>\n<li>Arztkosten<\/li>\n<li>Bergungskosten<\/li>\n<li>Entsorgungskosten<\/li>\n<li>Finanzierungskosten<\/li>\n<li>Gerichtskosten<\/li>\n<li>Kosten f\u00fcr das Kennzeichen<\/li>\n<li>Kosten f\u00fcr HU- und AU-Plakette<\/li>\n<li>Porto- und Telefonkosten (Einzelnachweis)<\/li>\n<li>Reparaturbest\u00e4tigungskosten<\/li>\n<li>Sachsch\u00e4den: Bekleidung, mitgef\u00fchrte Gegenst\u00e4nde etc.<\/li>\n<li>Schmerzensgeld<\/li>\n<li>Transportkosten<\/li>\n<li>Umbaukosten<\/li>\n<\/ul>\n<p>[\/vc_column_text][\/vc_column][\/vc_row][vc_row][vc_column width=&#8220;1\/1&#8243;][\/vc_column][\/vc_row]<\/p>\n<\/section>","protected":false},"excerpt":{"rendered":"<p>[vc_row row_height_percent=&#8220;0&#8243; override_padding=&#8220;yes&#8220; h_padding=&#8220;2&#8243; top_padding=&#8220;3&#8243; bottom_padding=&#8220;1&#8243; overlay_alpha=&#8220;50&#8243; gutter_size=&#8220;3&#8243; column_width_percent=&#8220;100&#8243; shift_y=&#8220;0&#8243; z_index=&#8220;0&#8243; enable_top_divider=&#8220;default&#8220; top_divider=&#8220;gradient&#8220; shape_top_h_use_pixel=&#8220;&#8220; shape_top_height=&#8220;500&#8243; shape_top_color=&#8220;color-lxmt&#8220; shape_top_opacity=&#8220;100&#8243; shape_top_index=&#8220;0&#8243; uncode_shortcode_id=&#8220;122063&#8243; shape_top_color_type=&#8220;uncode-palette&#8220;][vc_column [&hellip;]<\/p>\n","protected":false},"author":1,"featured_media":0,"parent":0,"menu_order":0,"comment_status":"closed","ping_status":"closed","template":"","meta":{"footnotes":""},"class_list":["post-130614","page","type-page","status-publish","hentry"],"yoast_head":"<!-- This site is optimized with the Yoast SEO plugin v21.0 - https:\/\/yoast.com\/wordpress\/plugins\/seo\/ -->\n<title>ihre Rechte - KFZ Gutachter Winsen \u2013 Bj\u00f6rn Ewert<\/title>\n<meta name=\"robots\" content=\"index, follow, max-snippet:-1, max-image-preview:large, max-video-preview:-1\" \/>\n<link rel=\"canonical\" href=\"https:\/\/ottermedia.de\/kfz-gutachter-winsen\/ihre-rechte\/\" \/>\n<meta property=\"og:locale\" content=\"de_DE\" \/>\n<meta property=\"og:type\" content=\"article\" \/>\n<meta property=\"og:title\" content=\"ihre Rechte - KFZ Gutachter Winsen \u2013 Bj\u00f6rn Ewert\" \/>\n<meta property=\"og:description\" content=\"[vc_row row_height_percent=&#8220;0&#8243; override_padding=&#8220;yes&#8220; h_padding=&#8220;2&#8243; top_padding=&#8220;3&#8243; bottom_padding=&#8220;1&#8243; overlay_alpha=&#8220;50&#8243; gutter_size=&#8220;3&#8243; column_width_percent=&#8220;100&#8243; shift_y=&#8220;0&#8243; z_index=&#8220;0&#8243; enable_top_divider=&#8220;default&#8220; top_divider=&#8220;gradient&#8220; shape_top_h_use_pixel=&#8220;&#8220; shape_top_height=&#8220;500&#8243; shape_top_color=&#8220;color-lxmt&#8220; shape_top_opacity=&#8220;100&#8243; shape_top_index=&#8220;0&#8243; uncode_shortcode_id=&#8220;122063&#8243; shape_top_color_type=&#8220;uncode-palette&#8220;][vc_column [&hellip;]\" \/>\n<meta property=\"og:url\" content=\"https:\/\/ottermedia.de\/kfz-gutachter-winsen\/ihre-rechte\/\" \/>\n<meta property=\"og:site_name\" content=\"KFZ Gutachter Winsen \u2013 Bj\u00f6rn Ewert\" \/>\n<meta property=\"article:modified_time\" content=\"2023-08-21T16:27:27+00:00\" \/>\n<meta name=\"twitter:card\" content=\"summary_large_image\" \/>\n<meta name=\"twitter:label1\" content=\"Gesch\u00e4tzte Lesezeit\" \/>\n\t<meta name=\"twitter:data1\" content=\"2\u00a0Minuten\" \/>\n<script type=\"application\/ld+json\" class=\"yoast-schema-graph\">{\"@context\":\"https:\/\/schema.org\",\"@graph\":[{\"@type\":\"WebPage\",\"@id\":\"https:\/\/ottermedia.de\/kfz-gutachter-winsen\/ihre-rechte\/\",\"url\":\"https:\/\/ottermedia.de\/kfz-gutachter-winsen\/ihre-rechte\/\",\"name\":\"ihre Rechte - KFZ Gutachter Winsen \u2013 Bj\u00f6rn Ewert\",\"isPartOf\":{\"@id\":\"https:\/\/ottermedia.de\/kfz-gutachter-winsen\/#website\"},\"datePublished\":\"2023-08-21T11:49:13+00:00\",\"dateModified\":\"2023-08-21T16:27:27+00:00\",\"breadcrumb\":{\"@id\":\"https:\/\/ottermedia.de\/kfz-gutachter-winsen\/ihre-rechte\/#breadcrumb\"},\"inLanguage\":\"de\",\"potentialAction\":[{\"@type\":\"ReadAction\",\"target\":[\"https:\/\/ottermedia.de\/kfz-gutachter-winsen\/ihre-rechte\/\"]}]},{\"@type\":\"BreadcrumbList\",\"@id\":\"https:\/\/ottermedia.de\/kfz-gutachter-winsen\/ihre-rechte\/#breadcrumb\",\"itemListElement\":[{\"@type\":\"ListItem\",\"position\":1,\"name\":\"Startseite\",\"item\":\"https:\/\/ottermedia.de\/kfz-gutachter-winsen\/\"},{\"@type\":\"ListItem\",\"position\":2,\"name\":\"ihre Rechte\"}]},{\"@type\":\"WebSite\",\"@id\":\"https:\/\/ottermedia.de\/kfz-gutachter-winsen\/#website\",\"url\":\"https:\/\/ottermedia.de\/kfz-gutachter-winsen\/\",\"name\":\"KFZ Gutachter Winsen \u2013 Bj\u00f6rn Ewert\",\"description\":\"Unabh\u00e4ngiger KFZ Gutachter Winsen, Maschen, L\u00fcneburg und Umgebung\",\"potentialAction\":[{\"@type\":\"SearchAction\",\"target\":{\"@type\":\"EntryPoint\",\"urlTemplate\":\"https:\/\/ottermedia.de\/kfz-gutachter-winsen\/?s={search_term_string}\"},\"query-input\":\"required name=search_term_string\"}],\"inLanguage\":\"de\"}]}<\/script>\n<!-- \/ Yoast SEO plugin. -->","yoast_head_json":{"title":"ihre Rechte - KFZ Gutachter Winsen \u2013 Bj\u00f6rn Ewert","robots":{"index":"index","follow":"follow","max-snippet":"max-snippet:-1","max-image-preview":"max-image-preview:large","max-video-preview":"max-video-preview:-1"},"canonical":"https:\/\/ottermedia.de\/kfz-gutachter-winsen\/ihre-rechte\/","og_locale":"de_DE","og_type":"article","og_title":"ihre Rechte - KFZ Gutachter Winsen \u2013 Bj\u00f6rn Ewert","og_description":"[vc_row row_height_percent=&#8220;0&#8243; override_padding=&#8220;yes&#8220; h_padding=&#8220;2&#8243; top_padding=&#8220;3&#8243; bottom_padding=&#8220;1&#8243; overlay_alpha=&#8220;50&#8243; gutter_size=&#8220;3&#8243; column_width_percent=&#8220;100&#8243; shift_y=&#8220;0&#8243; z_index=&#8220;0&#8243; enable_top_divider=&#8220;default&#8220; top_divider=&#8220;gradient&#8220; shape_top_h_use_pixel=&#8220;&#8220; shape_top_height=&#8220;500&#8243; shape_top_color=&#8220;color-lxmt&#8220; shape_top_opacity=&#8220;100&#8243; shape_top_index=&#8220;0&#8243; uncode_shortcode_id=&#8220;122063&#8243; shape_top_color_type=&#8220;uncode-palette&#8220;][vc_column [&hellip;]","og_url":"https:\/\/ottermedia.de\/kfz-gutachter-winsen\/ihre-rechte\/","og_site_name":"KFZ Gutachter Winsen \u2013 Bj\u00f6rn Ewert","article_modified_time":"2023-08-21T16:27:27+00:00","twitter_card":"summary_large_image","twitter_misc":{"Gesch\u00e4tzte Lesezeit":"2\u00a0Minuten"},"schema":{"@context":"https:\/\/schema.org","@graph":[{"@type":"WebPage","@id":"https:\/\/ottermedia.de\/kfz-gutachter-winsen\/ihre-rechte\/","url":"https:\/\/ottermedia.de\/kfz-gutachter-winsen\/ihre-rechte\/","name":"ihre Rechte - KFZ Gutachter Winsen \u2013 Bj\u00f6rn Ewert","isPartOf":{"@id":"https:\/\/ottermedia.de\/kfz-gutachter-winsen\/#website"},"datePublished":"2023-08-21T11:49:13+00:00","dateModified":"2023-08-21T16:27:27+00:00","breadcrumb":{"@id":"https:\/\/ottermedia.de\/kfz-gutachter-winsen\/ihre-rechte\/#breadcrumb"},"inLanguage":"de","potentialAction":[{"@type":"ReadAction","target":["https:\/\/ottermedia.de\/kfz-gutachter-winsen\/ihre-rechte\/"]}]},{"@type":"BreadcrumbList","@id":"https:\/\/ottermedia.de\/kfz-gutachter-winsen\/ihre-rechte\/#breadcrumb","itemListElement":[{"@type":"ListItem","position":1,"name":"Startseite","item":"https:\/\/ottermedia.de\/kfz-gutachter-winsen\/"},{"@type":"ListItem","position":2,"name":"ihre Rechte"}]},{"@type":"WebSite","@id":"https:\/\/ottermedia.de\/kfz-gutachter-winsen\/#website","url":"https:\/\/ottermedia.de\/kfz-gutachter-winsen\/","name":"KFZ Gutachter Winsen \u2013 Bj\u00f6rn Ewert","description":"Unabh\u00e4ngiger KFZ Gutachter Winsen, Maschen, L\u00fcneburg und Umgebung","potentialAction":[{"@type":"SearchAction","target":{"@type":"EntryPoint","urlTemplate":"https:\/\/ottermedia.de\/kfz-gutachter-winsen\/?s={search_term_string}"},"query-input":"required name=search_term_string"}],"inLanguage":"de"}]}},"_links":{"self":[{"href":"https:\/\/ottermedia.de\/kfz-gutachter-winsen\/wp-json\/wp\/v2\/pages\/130614","targetHints":{"allow":["GET"]}}],"collection":[{"href":"https:\/\/ottermedia.de\/kfz-gutachter-winsen\/wp-json\/wp\/v2\/pages"}],"about":[{"href":"https:\/\/ottermedia.de\/kfz-gutachter-winsen\/wp-json\/wp\/v2\/types\/page"}],"author":[{"embeddable":true,"href":"https:\/\/ottermedia.de\/kfz-gutachter-winsen\/wp-json\/wp\/v2\/users\/1"}],"replies":[{"embeddable":true,"href":"https:\/\/ottermedia.de\/kfz-gutachter-winsen\/wp-json\/wp\/v2\/comments?post=130614"}],"version-history":[{"count":2,"href":"https:\/\/ottermedia.de\/kfz-gutachter-winsen\/wp-json\/wp\/v2\/pages\/130614\/revisions"}],"predecessor-version":[{"id":130748,"href":"https:\/\/ottermedia.de\/kfz-gutachter-winsen\/wp-json\/wp\/v2\/pages\/130614\/revisions\/130748"}],"wp:attachment":[{"href":"https:\/\/ottermedia.de\/kfz-gutachter-winsen\/wp-json\/wp\/v2\/media?parent=130614"}],"curies":[{"name":"wp","href":"https:\/\/api.w.org\/{rel}","templated":true}]}}