{"id":130617,"date":"2023-08-21T13:49:13","date_gmt":"2023-08-21T11:49:13","guid":{"rendered":"https:\/\/ottermedia.de\/kfz-gutachter-winsen\/?page_id=130617"},"modified":"2023-08-21T15:43:00","modified_gmt":"2023-08-21T13:43:00","slug":"kontakt","status":"publish","type":"page","link":"https:\/\/ottermedia.de\/kfz-gutachter-winsen\/kontakt\/","title":{"rendered":"Kontakt"},"content":{"rendered":"<section class=\"wpb-content-wrapper\"><p>[vc_row row_height_percent=&#8220;0&#8243; override_padding=&#8220;yes&#8220; h_padding=&#8220;2&#8243; top_padding=&#8220;3&#8243; bottom_padding=&#8220;0&#8243; back_color=&#8220;color-lxmt&#8220; overlay_alpha=&#8220;50&#8243; gutter_size=&#8220;3&#8243; column_width_percent=&#8220;100&#8243; shift_y=&#8220;0&#8243; z_index=&#8220;0&#8243; uncode_shortcode_id=&#8220;296457&#8243; back_color_type=&#8220;uncode-palette&#8220; shape_dividers=&#8220;&#8220;][vc_column column_width_use_pixel=&#8220;yes&#8220; align_horizontal=&#8220;align_center&#8220; gutter_size=&#8220;3&#8243; overlay_alpha=&#8220;50&#8243; shift_x=&#8220;0&#8243; shift_y=&#8220;0&#8243; shift_y_down=&#8220;0&#8243; z_index=&#8220;0&#8243; medium_width=&#8220;0&#8243; mobile_width=&#8220;0&#8243; width=&#8220;1\/1&#8243; column_width_pixel=&#8220;600&#8243;][vc_custom_heading heading_semantic=&#8220;h1&#8243; text_size=&#8220;h1&#8243; sub_lead=&#8220;yes&#8220; sub_reduced=&#8220;yes&#8220; subheading=&#8220;Sachverst\u00e4ndigenb\u00fcro Bj\u00f6rn Ewert \u2013 rufen Sie uns gerne an und vereinbaren Sie einen Termin. Alternativ schreiben Sie uns bitte eine Email. Wir werden uns in K\u00fcrze darauf melden.&#8220; uncode_shortcode_id=&#8220;964656&#8243;]Kontakt[\/vc_custom_heading][\/vc_column][\/vc_row][vc_row row_height_percent=&#8220;0&#8243; override_padding=&#8220;yes&#8220; h_padding=&#8220;2&#8243; top_padding=&#8220;2&#8243; bottom_padding=&#8220;5&#8243; back_color=&#8220;color-lxmt&#8220; overlay_alpha=&#8220;50&#8243; gutter_size=&#8220;3&#8243; column_width_percent=&#8220;100&#8243; shift_y=&#8220;0&#8243; z_index=&#8220;0&#8243; uncode_shortcode_id=&#8220;989259&#8243; back_color_type=&#8220;uncode-palette&#8220; shape_dividers=&#8220;&#8220;][vc_column column_width_percent=&#8220;100&#8243; gutter_size=&#8220;0&#8243; override_padding=&#8220;yes&#8220; column_padding=&#8220;0&#8243; back_color=&#8220;color-wayh&#8220; overlay_alpha=&#8220;50&#8243; shift_x=&#8220;0&#8243; shift_y=&#8220;0&#8243; shift_y_down=&#8220;0&#8243; z_index=&#8220;0&#8243; medium_width=&#8220;0&#8243; mobile_width=&#8220;0&#8243; shadow=&#8220;lg&#8220; width=&#8220;1\/1&#8243; uncode_shortcode_id=&#8220;134626&#8243; back_color_type=&#8220;uncode-palette&#8220;][vc_raw_html]JTNDaWZyYW1lJTIwc3JjJTNEJTIyaHR0cHMlM0ElMkYlMkZ3d3cuZ29vZ2xlLmNvbSUyRm1hcHMlMkZlbWJlZCUzRnBiJTNEJTIxMW0xNCUyMTFtOCUyMTFtMyUyMTFkOTUyMy4yMDkyNjcxNTA0ODMlMjEyZDEwLjMzNDMyMDMlMjEzZDUzLjM2NDY5MjclMjEzbTIlMjExaTEwMjQlMjEyaTc2OCUyMTRmMTMuMSUyMTNtMyUyMTFtMiUyMTFzMHg0N2IxZTliOGE1NzI4ZWYxJTI1M0EweGU1ODhhYzliNmVmNDIyMjglMjEyc0V3ZXJ0JTI1MjBLZnotU2FjaHZlcnN0JTI1QzMlMjVBNG5kaWdlbmIlMjVDMyUyNUJDcm8lMjE1ZTAlMjEzbTIlMjExc2RlJTIxMnNkZSUyMTR2MTY5MjYyNTAwNTUxNSUyMTVtMiUyMTFzZGUlMjEyc2RlJTIyJTIwd2lkdGglM0QlMjI2MDAlMjIlMjBoZWlnaHQlM0QlMjI0NTAlMjIlMjBzdHlsZSUzRCUyMmJvcmRlciUzQTAlM0IlMjIlMjBhbGxvd2Z1bGxzY3JlZW4lM0QlMjIlMjIlMjBsb2FkaW5nJTNEJTIybGF6eSUyMiUyMHJlZmVycmVycG9saWN5JTNEJTIybm8tcmVmZXJyZXItd2hlbi1kb3duZ3JhZGUlMjIlM0UlM0MlMkZpZnJhbWUlM0U=[\/vc_raw_html][vc_row_inner limit_content=&#8220;&#8220;][vc_column_inner column_width_percent=&#8220;100&#8243; align_horizontal=&#8220;align_center&#8220; gutter_size=&#8220;2&#8243; back_color=&#8220;color-xsdn&#8220; overlay_alpha=&#8220;50&#8243; shift_x=&#8220;0&#8243; shift_y=&#8220;0&#8243; shift_y_down=&#8220;0&#8243; z_index=&#8220;0&#8243; medium_width=&#8220;0&#8243; mobile_width=&#8220;0&#8243; width=&#8220;1\/1&#8243;][vc_custom_heading heading_semantic=&#8220;h3&#8243; text_size=&#8220;h3&#8243; uncode_shortcode_id=&#8220;676017&#8243;]Ewert Kfz-Sachverst\u00e4ndigenb\u00fcro[\/vc_custom_heading][vc_column_text uncode_shortcode_id=&#8220;412441&#8243;]Kastanienallee 3, 21436 Marschacht<br \/>\n+49 175 83 88 227[\/vc_column_text][vc_button button_color=&#8220;accent&#8220; custom_typo=&#8220;yes&#8220; font_family=&#8220;font-555555&#8243; font_weight=&#8220;700&#8243; border_width=&#8220;0&#8243; link=&#8220;url:MAILTO%3Asvb-ewert%40gmx.de&#8220; uncode_shortcode_id=&#8220;171573&#8243; button_color_type=&#8220;uncode-palette&#8220;]svb-ewert@gmx.de[\/vc_button][\/vc_column_inner][\/vc_row_inner][\/vc_column][\/vc_row]<\/p>\n<\/section>","protected":false},"excerpt":{"rendered":"<p>[vc_row row_height_percent=&#8220;0&#8243; override_padding=&#8220;yes&#8220; h_padding=&#8220;2&#8243; top_padding=&#8220;3&#8243; bottom_padding=&#8220;0&#8243; back_color=&#8220;color-lxmt&#8220; overlay_alpha=&#8220;50&#8243; gutter_size=&#8220;3&#8243; column_width_percent=&#8220;100&#8243; shift_y=&#8220;0&#8243; z_index=&#8220;0&#8243; uncode_shortcode_id=&#8220;296457&#8243; back_color_type=&#8220;uncode-palette&#8220; shape_dividers=&#8220;&#8220;][vc_column column_width_use_pixel=&#8220;yes&#8220; align_horizontal=&#8220;align_center&#8220; gutter_size=&#8220;3&#8243; overlay_alpha=&#8220;50&#8243; shift_x=&#8220;0&#8243; [&hellip;]<\/p>\n","protected":false},"author":1,"featured_media":0,"parent":0,"menu_order":0,"comment_status":"closed","ping_status":"closed","template":"","meta":{"footnotes":""},"class_list":["post-130617","page","type-page","status-publish","hentry"],"yoast_head":"<!-- This site is optimized with the Yoast SEO plugin v21.0 - https:\/\/yoast.com\/wordpress\/plugins\/seo\/ -->\n<title>Kontakt - KFZ Gutachter Winsen \u2013 Bj\u00f6rn Ewert<\/title>\n<meta name=\"robots\" content=\"index, follow, max-snippet:-1, max-image-preview:large, max-video-preview:-1\" \/>\n<link rel=\"canonical\" href=\"https:\/\/ottermedia.de\/kfz-gutachter-winsen\/kontakt\/\" \/>\n<meta property=\"og:locale\" content=\"de_DE\" \/>\n<meta property=\"og:type\" content=\"article\" \/>\n<meta property=\"og:title\" content=\"Kontakt - KFZ Gutachter Winsen \u2013 Bj\u00f6rn Ewert\" \/>\n<meta property=\"og:description\" content=\"[vc_row row_height_percent=&#8220;0&#8243; override_padding=&#8220;yes&#8220; h_padding=&#8220;2&#8243; top_padding=&#8220;3&#8243; bottom_padding=&#8220;0&#8243; back_color=&#8220;color-lxmt&#8220; overlay_alpha=&#8220;50&#8243; gutter_size=&#8220;3&#8243; column_width_percent=&#8220;100&#8243; shift_y=&#8220;0&#8243; z_index=&#8220;0&#8243; uncode_shortcode_id=&#8220;296457&#8243; back_color_type=&#8220;uncode-palette&#8220; shape_dividers=&#8220;&#8220;][vc_column column_width_use_pixel=&#8220;yes&#8220; align_horizontal=&#8220;align_center&#8220; gutter_size=&#8220;3&#8243; overlay_alpha=&#8220;50&#8243; shift_x=&#8220;0&#8243; [&hellip;]\" \/>\n<meta property=\"og:url\" content=\"https:\/\/ottermedia.de\/kfz-gutachter-winsen\/kontakt\/\" \/>\n<meta property=\"og:site_name\" content=\"KFZ Gutachter Winsen \u2013 Bj\u00f6rn Ewert\" \/>\n<meta property=\"article:modified_time\" content=\"2023-08-21T13:43:00+00:00\" \/>\n<meta name=\"twitter:card\" content=\"summary_large_image\" \/>\n<meta name=\"twitter:label1\" content=\"Gesch\u00e4tzte Lesezeit\" \/>\n\t<meta name=\"twitter:data1\" content=\"2\u00a0Minuten\" \/>\n<script type=\"application\/ld+json\" class=\"yoast-schema-graph\">{\"@context\":\"https:\/\/schema.org\",\"@graph\":[{\"@type\":\"WebPage\",\"@id\":\"https:\/\/ottermedia.de\/kfz-gutachter-winsen\/kontakt\/\",\"url\":\"https:\/\/ottermedia.de\/kfz-gutachter-winsen\/kontakt\/\",\"name\":\"Kontakt - KFZ Gutachter Winsen \u2013 Bj\u00f6rn Ewert\",\"isPartOf\":{\"@id\":\"https:\/\/ottermedia.de\/kfz-gutachter-winsen\/#website\"},\"datePublished\":\"2023-08-21T11:49:13+00:00\",\"dateModified\":\"2023-08-21T13:43:00+00:00\",\"breadcrumb\":{\"@id\":\"https:\/\/ottermedia.de\/kfz-gutachter-winsen\/kontakt\/#breadcrumb\"},\"inLanguage\":\"de\",\"potentialAction\":[{\"@type\":\"ReadAction\",\"target\":[\"https:\/\/ottermedia.de\/kfz-gutachter-winsen\/kontakt\/\"]}]},{\"@type\":\"BreadcrumbList\",\"@id\":\"https:\/\/ottermedia.de\/kfz-gutachter-winsen\/kontakt\/#breadcrumb\",\"itemListElement\":[{\"@type\":\"ListItem\",\"position\":1,\"name\":\"Startseite\",\"item\":\"https:\/\/ottermedia.de\/kfz-gutachter-winsen\/\"},{\"@type\":\"ListItem\",\"position\":2,\"name\":\"Kontakt\"}]},{\"@type\":\"WebSite\",\"@id\":\"https:\/\/ottermedia.de\/kfz-gutachter-winsen\/#website\",\"url\":\"https:\/\/ottermedia.de\/kfz-gutachter-winsen\/\",\"name\":\"KFZ Gutachter Winsen \u2013 Bj\u00f6rn Ewert\",\"description\":\"Unabh\u00e4ngiger KFZ Gutachter Winsen, Maschen, L\u00fcneburg und Umgebung\",\"potentialAction\":[{\"@type\":\"SearchAction\",\"target\":{\"@type\":\"EntryPoint\",\"urlTemplate\":\"https:\/\/ottermedia.de\/kfz-gutachter-winsen\/?s={search_term_string}\"},\"query-input\":\"required name=search_term_string\"}],\"inLanguage\":\"de\"}]}<\/script>\n<!-- \/ Yoast SEO plugin. -->","yoast_head_json":{"title":"Kontakt - KFZ Gutachter Winsen \u2013 Bj\u00f6rn Ewert","robots":{"index":"index","follow":"follow","max-snippet":"max-snippet:-1","max-image-preview":"max-image-preview:large","max-video-preview":"max-video-preview:-1"},"canonical":"https:\/\/ottermedia.de\/kfz-gutachter-winsen\/kontakt\/","og_locale":"de_DE","og_type":"article","og_title":"Kontakt - KFZ Gutachter Winsen \u2013 Bj\u00f6rn Ewert","og_description":"[vc_row row_height_percent=&#8220;0&#8243; override_padding=&#8220;yes&#8220; h_padding=&#8220;2&#8243; top_padding=&#8220;3&#8243; bottom_padding=&#8220;0&#8243; back_color=&#8220;color-lxmt&#8220; overlay_alpha=&#8220;50&#8243; gutter_size=&#8220;3&#8243; column_width_percent=&#8220;100&#8243; shift_y=&#8220;0&#8243; z_index=&#8220;0&#8243; uncode_shortcode_id=&#8220;296457&#8243; back_color_type=&#8220;uncode-palette&#8220; shape_dividers=&#8220;&#8220;][vc_column column_width_use_pixel=&#8220;yes&#8220; align_horizontal=&#8220;align_center&#8220; gutter_size=&#8220;3&#8243; overlay_alpha=&#8220;50&#8243; shift_x=&#8220;0&#8243; [&hellip;]","og_url":"https:\/\/ottermedia.de\/kfz-gutachter-winsen\/kontakt\/","og_site_name":"KFZ Gutachter Winsen \u2013 Bj\u00f6rn Ewert","article_modified_time":"2023-08-21T13:43:00+00:00","twitter_card":"summary_large_image","twitter_misc":{"Gesch\u00e4tzte Lesezeit":"2\u00a0Minuten"},"schema":{"@context":"https:\/\/schema.org","@graph":[{"@type":"WebPage","@id":"https:\/\/ottermedia.de\/kfz-gutachter-winsen\/kontakt\/","url":"https:\/\/ottermedia.de\/kfz-gutachter-winsen\/kontakt\/","name":"Kontakt - KFZ Gutachter Winsen \u2013 Bj\u00f6rn Ewert","isPartOf":{"@id":"https:\/\/ottermedia.de\/kfz-gutachter-winsen\/#website"},"datePublished":"2023-08-21T11:49:13+00:00","dateModified":"2023-08-21T13:43:00+00:00","breadcrumb":{"@id":"https:\/\/ottermedia.de\/kfz-gutachter-winsen\/kontakt\/#breadcrumb"},"inLanguage":"de","potentialAction":[{"@type":"ReadAction","target":["https:\/\/ottermedia.de\/kfz-gutachter-winsen\/kontakt\/"]}]},{"@type":"BreadcrumbList","@id":"https:\/\/ottermedia.de\/kfz-gutachter-winsen\/kontakt\/#breadcrumb","itemListElement":[{"@type":"ListItem","position":1,"name":"Startseite","item":"https:\/\/ottermedia.de\/kfz-gutachter-winsen\/"},{"@type":"ListItem","position":2,"name":"Kontakt"}]},{"@type":"WebSite","@id":"https:\/\/ottermedia.de\/kfz-gutachter-winsen\/#website","url":"https:\/\/ottermedia.de\/kfz-gutachter-winsen\/","name":"KFZ Gutachter Winsen \u2013 Bj\u00f6rn Ewert","description":"Unabh\u00e4ngiger KFZ Gutachter Winsen, Maschen, L\u00fcneburg und Umgebung","potentialAction":[{"@type":"SearchAction","target":{"@type":"EntryPoint","urlTemplate":"https:\/\/ottermedia.de\/kfz-gutachter-winsen\/?s={search_term_string}"},"query-input":"required name=search_term_string"}],"inLanguage":"de"}]}},"_links":{"self":[{"href":"https:\/\/ottermedia.de\/kfz-gutachter-winsen\/wp-json\/wp\/v2\/pages\/130617","targetHints":{"allow":["GET"]}}],"collection":[{"href":"https:\/\/ottermedia.de\/kfz-gutachter-winsen\/wp-json\/wp\/v2\/pages"}],"about":[{"href":"https:\/\/ottermedia.de\/kfz-gutachter-winsen\/wp-json\/wp\/v2\/types\/page"}],"author":[{"embeddable":true,"href":"https:\/\/ottermedia.de\/kfz-gutachter-winsen\/wp-json\/wp\/v2\/users\/1"}],"replies":[{"embeddable":true,"href":"https:\/\/ottermedia.de\/kfz-gutachter-winsen\/wp-json\/wp\/v2\/comments?post=130617"}],"version-history":[{"count":4,"href":"https:\/\/ottermedia.de\/kfz-gutachter-winsen\/wp-json\/wp\/v2\/pages\/130617\/revisions"}],"predecessor-version":[{"id":130707,"href":"https:\/\/ottermedia.de\/kfz-gutachter-winsen\/wp-json\/wp\/v2\/pages\/130617\/revisions\/130707"}],"wp:attachment":[{"href":"https:\/\/ottermedia.de\/kfz-gutachter-winsen\/wp-json\/wp\/v2\/media?parent=130617"}],"curies":[{"name":"wp","href":"https:\/\/api.w.org\/{rel}","templated":true}]}}