{"id":130624,"date":"2023-08-21T13:49:13","date_gmt":"2023-08-21T11:49:13","guid":{"rendered":"https:\/\/ottermedia.de\/kfz-gutachter-winsen\/?page_id=130624"},"modified":"2023-08-21T17:52:14","modified_gmt":"2023-08-21T15:52:14","slug":"kostenvoranschlag","status":"publish","type":"page","link":"https:\/\/ottermedia.de\/kfz-gutachter-winsen\/kostenvoranschlag\/","title":{"rendered":"Kostenvoranschlag"},"content":{"rendered":"<section class=\"wpb-content-wrapper\"><p>[vc_row row_height_percent=&#8220;0&#8243; override_padding=&#8220;yes&#8220; h_padding=&#8220;2&#8243; top_padding=&#8220;3&#8243; bottom_padding=&#8220;1&#8243; overlay_alpha=&#8220;50&#8243; gutter_size=&#8220;3&#8243; column_width_percent=&#8220;100&#8243; shift_y=&#8220;0&#8243; z_index=&#8220;0&#8243; enable_top_divider=&#8220;default&#8220; top_divider=&#8220;gradient&#8220; shape_top_h_use_pixel=&#8220;&#8220; shape_top_height=&#8220;500&#8243; shape_top_color=&#8220;color-lxmt&#8220; shape_top_opacity=&#8220;100&#8243; shape_top_index=&#8220;0&#8243; uncode_shortcode_id=&#8220;122063&#8243; shape_top_color_type=&#8220;uncode-palette&#8220;][vc_column column_width_percent=&#8220;100&#8243; gutter_size=&#8220;2&#8243; overlay_alpha=&#8220;48&#8243; shift_x=&#8220;0&#8243; shift_y=&#8220;0&#8243; shift_y_down=&#8220;0&#8243; z_index=&#8220;0&#8243; medium_width=&#8220;0&#8243; mobile_width=&#8220;0&#8243; width=&#8220;1\/1&#8243; uncode_shortcode_id=&#8220;607285&#8243;][vc_custom_heading text_color=&#8220;accent&#8220; text_size=&#8220;h6&#8243; text_transform=&#8220;uppercase&#8220; uncode_shortcode_id=&#8220;189626&#8243; text_color_type=&#8220;uncode-palette&#8220;]KFZ-Gutachter Winsen[\/vc_custom_heading][vc_custom_heading auto_text=&#8220;yes&#8220; heading_semantic=&#8220;h1&#8243; text_size=&#8220;h1&#8243; separator=&#8220;yes&#8220; separator_color=&#8220;yes&#8220; uncode_shortcode_id=&#8220;182268&#8243;]This is a custom heading element.[\/vc_custom_heading][\/vc_column][\/vc_row][vc_row row_height_percent=&#8220;0&#8243; override_padding=&#8220;yes&#8220; h_padding=&#8220;2&#8243; top_padding=&#8220;2&#8243; bottom_padding=&#8220;1&#8243; overlay_alpha=&#8220;50&#8243; gutter_size=&#8220;3&#8243; column_width_percent=&#8220;100&#8243; shift_y=&#8220;0&#8243; z_index=&#8220;0&#8243; uncode_shortcode_id=&#8220;388356&#8243;][vc_column width=&#8220;1\/1&#8243;][vc_column_text uncode_shortcode_id=&#8220;268529&#8243;]Neutrale Kostenvoranschl\u00e4ge dienen der Grundlage, ob und in welcher H\u00f6he Sie einen Schaden haben und im Weiteren, ob ein Gutachten nicht oder noch nicht als gerechtfertigt erscheint. Bei Unfallsch\u00e4den unter ca. 750\u20ac Schadensh\u00f6he spricht man von einem sogenannten \u201cKlein- oder Bagatellschaden\u201d, hier w\u00e4re ein Kostenvoranschlag sinnvoll. Die Kosten f\u00fcr die Erstellung des Kostenvoranschlages werden in der Regel von der gegnerischen Versicherung bei einer Haftung von 100% \u00fcbernommen. Bei der Kl\u00e4rung der Frage, ob es sich tats\u00e4chlich um einen Kleinschaden oder doch um einen weitaus h\u00f6heren Unfallschaden handelt, helfen wir gerne vor Ort. Wir besichtigen Ihr Fahrzeug und stellen den kompletten Schadenumfang neutral f\u00fcr Sie fest.[\/vc_column_text][\/vc_column][\/vc_row][vc_row][vc_column width=&#8220;1\/1&#8243;][\/vc_column][\/vc_row]<\/p>\n<\/section>","protected":false},"excerpt":{"rendered":"<p>[vc_row row_height_percent=&#8220;0&#8243; override_padding=&#8220;yes&#8220; h_padding=&#8220;2&#8243; top_padding=&#8220;3&#8243; bottom_padding=&#8220;1&#8243; overlay_alpha=&#8220;50&#8243; gutter_size=&#8220;3&#8243; column_width_percent=&#8220;100&#8243; shift_y=&#8220;0&#8243; z_index=&#8220;0&#8243; enable_top_divider=&#8220;default&#8220; top_divider=&#8220;gradient&#8220; shape_top_h_use_pixel=&#8220;&#8220; shape_top_height=&#8220;500&#8243; shape_top_color=&#8220;color-lxmt&#8220; shape_top_opacity=&#8220;100&#8243; shape_top_index=&#8220;0&#8243; uncode_shortcode_id=&#8220;122063&#8243; shape_top_color_type=&#8220;uncode-palette&#8220;][vc_column [&hellip;]<\/p>\n","protected":false},"author":1,"featured_media":0,"parent":0,"menu_order":0,"comment_status":"closed","ping_status":"closed","template":"","meta":{"footnotes":""},"class_list":["post-130624","page","type-page","status-publish","hentry"],"yoast_head":"<!-- This site is optimized with the Yoast SEO plugin v21.0 - https:\/\/yoast.com\/wordpress\/plugins\/seo\/ -->\n<title>Kostenvoranschlag - KFZ Gutachter Winsen \u2013 Bj\u00f6rn Ewert<\/title>\n<meta name=\"robots\" content=\"index, follow, max-snippet:-1, max-image-preview:large, max-video-preview:-1\" \/>\n<link rel=\"canonical\" href=\"https:\/\/ottermedia.de\/kfz-gutachter-winsen\/kostenvoranschlag\/\" \/>\n<meta property=\"og:locale\" content=\"de_DE\" \/>\n<meta property=\"og:type\" content=\"article\" \/>\n<meta property=\"og:title\" content=\"Kostenvoranschlag - KFZ Gutachter Winsen \u2013 Bj\u00f6rn Ewert\" \/>\n<meta property=\"og:description\" content=\"[vc_row row_height_percent=&#8220;0&#8243; override_padding=&#8220;yes&#8220; h_padding=&#8220;2&#8243; top_padding=&#8220;3&#8243; bottom_padding=&#8220;1&#8243; overlay_alpha=&#8220;50&#8243; gutter_size=&#8220;3&#8243; column_width_percent=&#8220;100&#8243; shift_y=&#8220;0&#8243; z_index=&#8220;0&#8243; enable_top_divider=&#8220;default&#8220; top_divider=&#8220;gradient&#8220; shape_top_h_use_pixel=&#8220;&#8220; shape_top_height=&#8220;500&#8243; shape_top_color=&#8220;color-lxmt&#8220; shape_top_opacity=&#8220;100&#8243; shape_top_index=&#8220;0&#8243; uncode_shortcode_id=&#8220;122063&#8243; shape_top_color_type=&#8220;uncode-palette&#8220;][vc_column [&hellip;]\" \/>\n<meta property=\"og:url\" content=\"https:\/\/ottermedia.de\/kfz-gutachter-winsen\/kostenvoranschlag\/\" \/>\n<meta property=\"og:site_name\" content=\"KFZ Gutachter Winsen \u2013 Bj\u00f6rn Ewert\" \/>\n<meta property=\"article:modified_time\" content=\"2023-08-21T15:52:14+00:00\" \/>\n<meta name=\"twitter:card\" content=\"summary_large_image\" \/>\n<meta name=\"twitter:label1\" content=\"Gesch\u00e4tzte Lesezeit\" \/>\n\t<meta name=\"twitter:data1\" content=\"2\u00a0Minuten\" \/>\n<script type=\"application\/ld+json\" class=\"yoast-schema-graph\">{\"@context\":\"https:\/\/schema.org\",\"@graph\":[{\"@type\":\"WebPage\",\"@id\":\"https:\/\/ottermedia.de\/kfz-gutachter-winsen\/kostenvoranschlag\/\",\"url\":\"https:\/\/ottermedia.de\/kfz-gutachter-winsen\/kostenvoranschlag\/\",\"name\":\"Kostenvoranschlag - KFZ Gutachter Winsen \u2013 Bj\u00f6rn Ewert\",\"isPartOf\":{\"@id\":\"https:\/\/ottermedia.de\/kfz-gutachter-winsen\/#website\"},\"datePublished\":\"2023-08-21T11:49:13+00:00\",\"dateModified\":\"2023-08-21T15:52:14+00:00\",\"breadcrumb\":{\"@id\":\"https:\/\/ottermedia.de\/kfz-gutachter-winsen\/kostenvoranschlag\/#breadcrumb\"},\"inLanguage\":\"de\",\"potentialAction\":[{\"@type\":\"ReadAction\",\"target\":[\"https:\/\/ottermedia.de\/kfz-gutachter-winsen\/kostenvoranschlag\/\"]}]},{\"@type\":\"BreadcrumbList\",\"@id\":\"https:\/\/ottermedia.de\/kfz-gutachter-winsen\/kostenvoranschlag\/#breadcrumb\",\"itemListElement\":[{\"@type\":\"ListItem\",\"position\":1,\"name\":\"Startseite\",\"item\":\"https:\/\/ottermedia.de\/kfz-gutachter-winsen\/\"},{\"@type\":\"ListItem\",\"position\":2,\"name\":\"Kostenvoranschlag\"}]},{\"@type\":\"WebSite\",\"@id\":\"https:\/\/ottermedia.de\/kfz-gutachter-winsen\/#website\",\"url\":\"https:\/\/ottermedia.de\/kfz-gutachter-winsen\/\",\"name\":\"KFZ Gutachter Winsen \u2013 Bj\u00f6rn Ewert\",\"description\":\"Unabh\u00e4ngiger KFZ Gutachter Winsen, Maschen, L\u00fcneburg und Umgebung\",\"potentialAction\":[{\"@type\":\"SearchAction\",\"target\":{\"@type\":\"EntryPoint\",\"urlTemplate\":\"https:\/\/ottermedia.de\/kfz-gutachter-winsen\/?s={search_term_string}\"},\"query-input\":\"required name=search_term_string\"}],\"inLanguage\":\"de\"}]}<\/script>\n<!-- \/ Yoast SEO plugin. -->","yoast_head_json":{"title":"Kostenvoranschlag - KFZ Gutachter Winsen \u2013 Bj\u00f6rn Ewert","robots":{"index":"index","follow":"follow","max-snippet":"max-snippet:-1","max-image-preview":"max-image-preview:large","max-video-preview":"max-video-preview:-1"},"canonical":"https:\/\/ottermedia.de\/kfz-gutachter-winsen\/kostenvoranschlag\/","og_locale":"de_DE","og_type":"article","og_title":"Kostenvoranschlag - KFZ Gutachter Winsen \u2013 Bj\u00f6rn Ewert","og_description":"[vc_row row_height_percent=&#8220;0&#8243; override_padding=&#8220;yes&#8220; h_padding=&#8220;2&#8243; top_padding=&#8220;3&#8243; bottom_padding=&#8220;1&#8243; overlay_alpha=&#8220;50&#8243; gutter_size=&#8220;3&#8243; column_width_percent=&#8220;100&#8243; shift_y=&#8220;0&#8243; z_index=&#8220;0&#8243; enable_top_divider=&#8220;default&#8220; top_divider=&#8220;gradient&#8220; shape_top_h_use_pixel=&#8220;&#8220; shape_top_height=&#8220;500&#8243; shape_top_color=&#8220;color-lxmt&#8220; shape_top_opacity=&#8220;100&#8243; shape_top_index=&#8220;0&#8243; uncode_shortcode_id=&#8220;122063&#8243; shape_top_color_type=&#8220;uncode-palette&#8220;][vc_column [&hellip;]","og_url":"https:\/\/ottermedia.de\/kfz-gutachter-winsen\/kostenvoranschlag\/","og_site_name":"KFZ Gutachter Winsen \u2013 Bj\u00f6rn Ewert","article_modified_time":"2023-08-21T15:52:14+00:00","twitter_card":"summary_large_image","twitter_misc":{"Gesch\u00e4tzte Lesezeit":"2\u00a0Minuten"},"schema":{"@context":"https:\/\/schema.org","@graph":[{"@type":"WebPage","@id":"https:\/\/ottermedia.de\/kfz-gutachter-winsen\/kostenvoranschlag\/","url":"https:\/\/ottermedia.de\/kfz-gutachter-winsen\/kostenvoranschlag\/","name":"Kostenvoranschlag - KFZ Gutachter Winsen \u2013 Bj\u00f6rn Ewert","isPartOf":{"@id":"https:\/\/ottermedia.de\/kfz-gutachter-winsen\/#website"},"datePublished":"2023-08-21T11:49:13+00:00","dateModified":"2023-08-21T15:52:14+00:00","breadcrumb":{"@id":"https:\/\/ottermedia.de\/kfz-gutachter-winsen\/kostenvoranschlag\/#breadcrumb"},"inLanguage":"de","potentialAction":[{"@type":"ReadAction","target":["https:\/\/ottermedia.de\/kfz-gutachter-winsen\/kostenvoranschlag\/"]}]},{"@type":"BreadcrumbList","@id":"https:\/\/ottermedia.de\/kfz-gutachter-winsen\/kostenvoranschlag\/#breadcrumb","itemListElement":[{"@type":"ListItem","position":1,"name":"Startseite","item":"https:\/\/ottermedia.de\/kfz-gutachter-winsen\/"},{"@type":"ListItem","position":2,"name":"Kostenvoranschlag"}]},{"@type":"WebSite","@id":"https:\/\/ottermedia.de\/kfz-gutachter-winsen\/#website","url":"https:\/\/ottermedia.de\/kfz-gutachter-winsen\/","name":"KFZ Gutachter Winsen \u2013 Bj\u00f6rn Ewert","description":"Unabh\u00e4ngiger KFZ Gutachter Winsen, Maschen, L\u00fcneburg und Umgebung","potentialAction":[{"@type":"SearchAction","target":{"@type":"EntryPoint","urlTemplate":"https:\/\/ottermedia.de\/kfz-gutachter-winsen\/?s={search_term_string}"},"query-input":"required name=search_term_string"}],"inLanguage":"de"}]}},"_links":{"self":[{"href":"https:\/\/ottermedia.de\/kfz-gutachter-winsen\/wp-json\/wp\/v2\/pages\/130624","targetHints":{"allow":["GET"]}}],"collection":[{"href":"https:\/\/ottermedia.de\/kfz-gutachter-winsen\/wp-json\/wp\/v2\/pages"}],"about":[{"href":"https:\/\/ottermedia.de\/kfz-gutachter-winsen\/wp-json\/wp\/v2\/types\/page"}],"author":[{"embeddable":true,"href":"https:\/\/ottermedia.de\/kfz-gutachter-winsen\/wp-json\/wp\/v2\/users\/1"}],"replies":[{"embeddable":true,"href":"https:\/\/ottermedia.de\/kfz-gutachter-winsen\/wp-json\/wp\/v2\/comments?post=130624"}],"version-history":[{"count":2,"href":"https:\/\/ottermedia.de\/kfz-gutachter-winsen\/wp-json\/wp\/v2\/pages\/130624\/revisions"}],"predecessor-version":[{"id":130735,"href":"https:\/\/ottermedia.de\/kfz-gutachter-winsen\/wp-json\/wp\/v2\/pages\/130624\/revisions\/130735"}],"wp:attachment":[{"href":"https:\/\/ottermedia.de\/kfz-gutachter-winsen\/wp-json\/wp\/v2\/media?parent=130624"}],"curies":[{"name":"wp","href":"https:\/\/api.w.org\/{rel}","templated":true}]}}