{"id":130628,"date":"2023-08-21T13:49:13","date_gmt":"2023-08-21T11:49:13","guid":{"rendered":"https:\/\/ottermedia.de\/kfz-gutachter-winsen\/?page_id=130628"},"modified":"2023-08-21T17:57:32","modified_gmt":"2023-08-21T15:57:32","slug":"caravangutachten","status":"publish","type":"page","link":"https:\/\/ottermedia.de\/kfz-gutachter-winsen\/caravangutachten\/","title":{"rendered":"Caravangutachten"},"content":{"rendered":"<section class=\"wpb-content-wrapper\"><p>[vc_row row_height_percent=&#8220;0&#8243; override_padding=&#8220;yes&#8220; h_padding=&#8220;2&#8243; top_padding=&#8220;3&#8243; bottom_padding=&#8220;1&#8243; overlay_alpha=&#8220;50&#8243; gutter_size=&#8220;3&#8243; column_width_percent=&#8220;100&#8243; shift_y=&#8220;0&#8243; z_index=&#8220;0&#8243; enable_top_divider=&#8220;default&#8220; top_divider=&#8220;gradient&#8220; shape_top_h_use_pixel=&#8220;&#8220; shape_top_height=&#8220;500&#8243; shape_top_color=&#8220;color-lxmt&#8220; shape_top_opacity=&#8220;100&#8243; shape_top_index=&#8220;0&#8243; uncode_shortcode_id=&#8220;122063&#8243; shape_top_color_type=&#8220;uncode-palette&#8220;][vc_column column_width_percent=&#8220;100&#8243; gutter_size=&#8220;2&#8243; overlay_alpha=&#8220;48&#8243; shift_x=&#8220;0&#8243; shift_y=&#8220;0&#8243; shift_y_down=&#8220;0&#8243; z_index=&#8220;0&#8243; medium_width=&#8220;0&#8243; mobile_width=&#8220;0&#8243; width=&#8220;1\/1&#8243; uncode_shortcode_id=&#8220;607285&#8243;][vc_custom_heading text_color=&#8220;accent&#8220; text_size=&#8220;h6&#8243; text_transform=&#8220;uppercase&#8220; uncode_shortcode_id=&#8220;189626&#8243; text_color_type=&#8220;uncode-palette&#8220;]KFZ-Gutachter Winsen[\/vc_custom_heading][vc_custom_heading heading_semantic=&#8220;h1&#8243; text_size=&#8220;h1&#8243; separator=&#8220;yes&#8220; separator_color=&#8220;yes&#8220; uncode_shortcode_id=&#8220;191962&#8243;]Sch\u00e4den im Bereich Wohnwagen und Reisemobil[\/vc_custom_heading][\/vc_column][\/vc_row][vc_row row_height_percent=&#8220;0&#8243; override_padding=&#8220;yes&#8220; h_padding=&#8220;2&#8243; top_padding=&#8220;2&#8243; bottom_padding=&#8220;1&#8243; overlay_alpha=&#8220;50&#8243; gutter_size=&#8220;3&#8243; column_width_percent=&#8220;100&#8243; shift_y=&#8220;0&#8243; z_index=&#8220;0&#8243; uncode_shortcode_id=&#8220;388356&#8243;][vc_column width=&#8220;1\/1&#8243;][vc_column_text uncode_shortcode_id=&#8220;520463&#8243;]<strong>Die Schwerpunkte der Aus\u00fcbung meiner Sachverst\u00e4ndigent\u00e4tigkeit sind daher nat\u00fcrlich:<\/strong><\/p>\n<ul>\n<li>Gutachten an Wohnwagen<\/li>\n<li>Gutachten an Reisemobilen<\/li>\n<li>Gutachten an Verkaufsfahrzeugen<\/li>\n<li>Kurzgutachten\/Kostenvoranschlag an o.g. Fahrzeugen<\/li>\n<\/ul>\n<p><strong>Spezielle Fachkenntnisse bei den Fahrzeugen folgender Hersteller:<\/strong><\/p>\n<ul>\n<li>B\u00fcrstner<\/li>\n<li>Carthago<\/li>\n<li>Fendt<\/li>\n<li>Globecar<\/li>\n<li>Hobby<\/li>\n<li>Laika<\/li>\n<li>LMC<\/li>\n<\/ul>\n<p>[\/vc_column_text][\/vc_column][\/vc_row][vc_row][vc_column column_width_percent=&#8220;100&#8243; gutter_size=&#8220;3&#8243; back_color=&#8220;color-vyce&#8220; overlay_alpha=&#8220;50&#8243; shift_x=&#8220;0&#8243; shift_y=&#8220;0&#8243; shift_y_down=&#8220;0&#8243; z_index=&#8220;0&#8243; medium_width=&#8220;0&#8243; mobile_width=&#8220;0&#8243; width=&#8220;1\/1&#8243; uncode_shortcode_id=&#8220;102270&#8243; back_color_type=&#8220;uncode-palette&#8220;][vc_column_text uncode_shortcode_id=&#8220;192419&#8243;]Folgende Gutachten k\u00f6nnen erstellt werden:<\/p>\n<h3>Kurzgutachten\/Kostenvoranschlag<\/h3>\n<p>Sollte die Schadensh\u00f6he unter 750\u20ac liegen (hier spricht man von einem Bagatellschaden) und sollte kein komplettes Schadensgutachten n\u00f6tig sein, gibt es die M\u00f6glichkeit zur Erstellung eines Kurzgutachtens.<\/p>\n<p>Dies besitzt, nicht wie ein einfacher Kostenvoranschlag einer Werkst\u00e4tte, eine deutlich h\u00f6here Aussagekraft. Es beinhaltet neben einer kompletten Reparaturkalkulation (Audatex), wichtige Beweissicherungsfotos und die kompletten Schaden- und Fahrzeugdaten.<\/p>\n<p>In manchen F\u00e4llen verlangen die Versicherer auch nur Kostenvoranschl\u00e4ge f\u00fcr Kasko- oder Haftplichtsch\u00e4den, auch hier ist ein Kurzgutachten anzuraten.<\/p>\n<p>Die Kosten f\u00fcr ein Kurzgutachten, werden bei eindeutiger Schuldfrage\/Sachlage, meist von den Versicherungsgesellschaften \u00fcbernommen.<\/p>\n<p>Die Kostenh\u00f6he richtet sich nach Schadensh\u00f6he.<\/p>\n<h3>Haftpflichtschaden-Gutachten<\/h3>\n<p>Im Haftplichtschadenfall unterliegt der Gesch\u00e4digte keinerlei Weisungen des Schadenverursachers oder dessen Versicherung.<\/p>\n<p>Der Gesch\u00e4digte hat das Recht<\/p>\n<ul>\n<li>seinen Sachverst\u00e4ndigen<\/li>\n<li>seine Werkstatt<\/li>\n<li>ggf. seinen Rechtsanwalt<\/li>\n<\/ul>\n<p>selbst auszuw\u00e4hlen, der Gesch\u00e4digte ist so zu stellen, als w\u00e4re der Schaden nie eingetreten.<\/p>\n<h3>Leistungsumfang Haftpflichtschadengutachten<\/h3>\n<p>Ermittlung von:<\/p>\n<ul>\n<li>H\u00f6he der kalkulierbaren Reparaturkosten<\/li>\n<li>der Reparaturdauer<\/li>\n<li>des Wiederbeschaffungswertes<\/li>\n<li>der Wiederbeschaffungsdauer<\/li>\n<li>der event. merkantilen Wertminderung<\/li>\n<li>der event. technischen Wertminderung<\/li>\n<li>des event. Restwertes<\/li>\n<li>der event. Wertverbesserung<\/li>\n<li>Besichtigung des Fahrzeuges vor Ort oder in Ihrer gew\u00e4hlten Werkstatt<\/li>\n<li>Erstellung einer ausf\u00fchrlichen Lichtbilderanlage<\/li>\n<li>Feststellung von Art und Umfang des Schadens<\/li>\n<\/ul>\n<p>[\/vc_column_text][\/vc_column][\/vc_row][vc_row][vc_column width=&#8220;1\/1&#8243;][\/vc_column][\/vc_row]<\/p>\n<\/section>","protected":false},"excerpt":{"rendered":"<p>[vc_row row_height_percent=&#8220;0&#8243; override_padding=&#8220;yes&#8220; h_padding=&#8220;2&#8243; top_padding=&#8220;3&#8243; bottom_padding=&#8220;1&#8243; overlay_alpha=&#8220;50&#8243; gutter_size=&#8220;3&#8243; column_width_percent=&#8220;100&#8243; shift_y=&#8220;0&#8243; z_index=&#8220;0&#8243; enable_top_divider=&#8220;default&#8220; top_divider=&#8220;gradient&#8220; shape_top_h_use_pixel=&#8220;&#8220; shape_top_height=&#8220;500&#8243; shape_top_color=&#8220;color-lxmt&#8220; shape_top_opacity=&#8220;100&#8243; shape_top_index=&#8220;0&#8243; uncode_shortcode_id=&#8220;122063&#8243; shape_top_color_type=&#8220;uncode-palette&#8220;][vc_column [&hellip;]<\/p>\n","protected":false},"author":1,"featured_media":0,"parent":0,"menu_order":0,"comment_status":"closed","ping_status":"closed","template":"","meta":{"footnotes":""},"class_list":["post-130628","page","type-page","status-publish","hentry"],"yoast_head":"<!-- This site is optimized with the Yoast SEO plugin v21.0 - https:\/\/yoast.com\/wordpress\/plugins\/seo\/ -->\n<title>Caravangutachten - KFZ Gutachter Winsen \u2013 Bj\u00f6rn Ewert<\/title>\n<meta name=\"robots\" content=\"index, follow, max-snippet:-1, max-image-preview:large, max-video-preview:-1\" \/>\n<link rel=\"canonical\" href=\"https:\/\/ottermedia.de\/kfz-gutachter-winsen\/caravangutachten\/\" \/>\n<meta property=\"og:locale\" content=\"de_DE\" \/>\n<meta property=\"og:type\" content=\"article\" \/>\n<meta property=\"og:title\" content=\"Caravangutachten - KFZ Gutachter Winsen \u2013 Bj\u00f6rn Ewert\" \/>\n<meta property=\"og:description\" content=\"[vc_row row_height_percent=&#8220;0&#8243; override_padding=&#8220;yes&#8220; h_padding=&#8220;2&#8243; top_padding=&#8220;3&#8243; bottom_padding=&#8220;1&#8243; overlay_alpha=&#8220;50&#8243; gutter_size=&#8220;3&#8243; column_width_percent=&#8220;100&#8243; shift_y=&#8220;0&#8243; z_index=&#8220;0&#8243; enable_top_divider=&#8220;default&#8220; top_divider=&#8220;gradient&#8220; shape_top_h_use_pixel=&#8220;&#8220; shape_top_height=&#8220;500&#8243; shape_top_color=&#8220;color-lxmt&#8220; shape_top_opacity=&#8220;100&#8243; shape_top_index=&#8220;0&#8243; uncode_shortcode_id=&#8220;122063&#8243; shape_top_color_type=&#8220;uncode-palette&#8220;][vc_column [&hellip;]\" \/>\n<meta property=\"og:url\" content=\"https:\/\/ottermedia.de\/kfz-gutachter-winsen\/caravangutachten\/\" \/>\n<meta property=\"og:site_name\" content=\"KFZ Gutachter Winsen \u2013 Bj\u00f6rn Ewert\" \/>\n<meta property=\"article:modified_time\" content=\"2023-08-21T15:57:32+00:00\" \/>\n<meta name=\"twitter:card\" content=\"summary_large_image\" \/>\n<meta name=\"twitter:label1\" content=\"Gesch\u00e4tzte Lesezeit\" \/>\n\t<meta name=\"twitter:data1\" content=\"2\u00a0Minuten\" \/>\n<script type=\"application\/ld+json\" class=\"yoast-schema-graph\">{\"@context\":\"https:\/\/schema.org\",\"@graph\":[{\"@type\":\"WebPage\",\"@id\":\"https:\/\/ottermedia.de\/kfz-gutachter-winsen\/caravangutachten\/\",\"url\":\"https:\/\/ottermedia.de\/kfz-gutachter-winsen\/caravangutachten\/\",\"name\":\"Caravangutachten - KFZ Gutachter Winsen \u2013 Bj\u00f6rn Ewert\",\"isPartOf\":{\"@id\":\"https:\/\/ottermedia.de\/kfz-gutachter-winsen\/#website\"},\"datePublished\":\"2023-08-21T11:49:13+00:00\",\"dateModified\":\"2023-08-21T15:57:32+00:00\",\"breadcrumb\":{\"@id\":\"https:\/\/ottermedia.de\/kfz-gutachter-winsen\/caravangutachten\/#breadcrumb\"},\"inLanguage\":\"de\",\"potentialAction\":[{\"@type\":\"ReadAction\",\"target\":[\"https:\/\/ottermedia.de\/kfz-gutachter-winsen\/caravangutachten\/\"]}]},{\"@type\":\"BreadcrumbList\",\"@id\":\"https:\/\/ottermedia.de\/kfz-gutachter-winsen\/caravangutachten\/#breadcrumb\",\"itemListElement\":[{\"@type\":\"ListItem\",\"position\":1,\"name\":\"Startseite\",\"item\":\"https:\/\/ottermedia.de\/kfz-gutachter-winsen\/\"},{\"@type\":\"ListItem\",\"position\":2,\"name\":\"Caravangutachten\"}]},{\"@type\":\"WebSite\",\"@id\":\"https:\/\/ottermedia.de\/kfz-gutachter-winsen\/#website\",\"url\":\"https:\/\/ottermedia.de\/kfz-gutachter-winsen\/\",\"name\":\"KFZ Gutachter Winsen \u2013 Bj\u00f6rn Ewert\",\"description\":\"Unabh\u00e4ngiger KFZ Gutachter Winsen, Maschen, L\u00fcneburg und Umgebung\",\"potentialAction\":[{\"@type\":\"SearchAction\",\"target\":{\"@type\":\"EntryPoint\",\"urlTemplate\":\"https:\/\/ottermedia.de\/kfz-gutachter-winsen\/?s={search_term_string}\"},\"query-input\":\"required name=search_term_string\"}],\"inLanguage\":\"de\"}]}<\/script>\n<!-- \/ Yoast SEO plugin. -->","yoast_head_json":{"title":"Caravangutachten - KFZ Gutachter Winsen \u2013 Bj\u00f6rn Ewert","robots":{"index":"index","follow":"follow","max-snippet":"max-snippet:-1","max-image-preview":"max-image-preview:large","max-video-preview":"max-video-preview:-1"},"canonical":"https:\/\/ottermedia.de\/kfz-gutachter-winsen\/caravangutachten\/","og_locale":"de_DE","og_type":"article","og_title":"Caravangutachten - KFZ Gutachter Winsen \u2013 Bj\u00f6rn Ewert","og_description":"[vc_row row_height_percent=&#8220;0&#8243; override_padding=&#8220;yes&#8220; h_padding=&#8220;2&#8243; top_padding=&#8220;3&#8243; bottom_padding=&#8220;1&#8243; overlay_alpha=&#8220;50&#8243; gutter_size=&#8220;3&#8243; column_width_percent=&#8220;100&#8243; shift_y=&#8220;0&#8243; z_index=&#8220;0&#8243; enable_top_divider=&#8220;default&#8220; top_divider=&#8220;gradient&#8220; shape_top_h_use_pixel=&#8220;&#8220; shape_top_height=&#8220;500&#8243; shape_top_color=&#8220;color-lxmt&#8220; shape_top_opacity=&#8220;100&#8243; shape_top_index=&#8220;0&#8243; uncode_shortcode_id=&#8220;122063&#8243; shape_top_color_type=&#8220;uncode-palette&#8220;][vc_column [&hellip;]","og_url":"https:\/\/ottermedia.de\/kfz-gutachter-winsen\/caravangutachten\/","og_site_name":"KFZ Gutachter Winsen \u2013 Bj\u00f6rn Ewert","article_modified_time":"2023-08-21T15:57:32+00:00","twitter_card":"summary_large_image","twitter_misc":{"Gesch\u00e4tzte Lesezeit":"2\u00a0Minuten"},"schema":{"@context":"https:\/\/schema.org","@graph":[{"@type":"WebPage","@id":"https:\/\/ottermedia.de\/kfz-gutachter-winsen\/caravangutachten\/","url":"https:\/\/ottermedia.de\/kfz-gutachter-winsen\/caravangutachten\/","name":"Caravangutachten - KFZ Gutachter Winsen \u2013 Bj\u00f6rn Ewert","isPartOf":{"@id":"https:\/\/ottermedia.de\/kfz-gutachter-winsen\/#website"},"datePublished":"2023-08-21T11:49:13+00:00","dateModified":"2023-08-21T15:57:32+00:00","breadcrumb":{"@id":"https:\/\/ottermedia.de\/kfz-gutachter-winsen\/caravangutachten\/#breadcrumb"},"inLanguage":"de","potentialAction":[{"@type":"ReadAction","target":["https:\/\/ottermedia.de\/kfz-gutachter-winsen\/caravangutachten\/"]}]},{"@type":"BreadcrumbList","@id":"https:\/\/ottermedia.de\/kfz-gutachter-winsen\/caravangutachten\/#breadcrumb","itemListElement":[{"@type":"ListItem","position":1,"name":"Startseite","item":"https:\/\/ottermedia.de\/kfz-gutachter-winsen\/"},{"@type":"ListItem","position":2,"name":"Caravangutachten"}]},{"@type":"WebSite","@id":"https:\/\/ottermedia.de\/kfz-gutachter-winsen\/#website","url":"https:\/\/ottermedia.de\/kfz-gutachter-winsen\/","name":"KFZ Gutachter Winsen \u2013 Bj\u00f6rn Ewert","description":"Unabh\u00e4ngiger KFZ Gutachter Winsen, Maschen, L\u00fcneburg und Umgebung","potentialAction":[{"@type":"SearchAction","target":{"@type":"EntryPoint","urlTemplate":"https:\/\/ottermedia.de\/kfz-gutachter-winsen\/?s={search_term_string}"},"query-input":"required name=search_term_string"}],"inLanguage":"de"}]}},"_links":{"self":[{"href":"https:\/\/ottermedia.de\/kfz-gutachter-winsen\/wp-json\/wp\/v2\/pages\/130628","targetHints":{"allow":["GET"]}}],"collection":[{"href":"https:\/\/ottermedia.de\/kfz-gutachter-winsen\/wp-json\/wp\/v2\/pages"}],"about":[{"href":"https:\/\/ottermedia.de\/kfz-gutachter-winsen\/wp-json\/wp\/v2\/types\/page"}],"author":[{"embeddable":true,"href":"https:\/\/ottermedia.de\/kfz-gutachter-winsen\/wp-json\/wp\/v2\/users\/1"}],"replies":[{"embeddable":true,"href":"https:\/\/ottermedia.de\/kfz-gutachter-winsen\/wp-json\/wp\/v2\/comments?post=130628"}],"version-history":[{"count":2,"href":"https:\/\/ottermedia.de\/kfz-gutachter-winsen\/wp-json\/wp\/v2\/pages\/130628\/revisions"}],"predecessor-version":[{"id":130739,"href":"https:\/\/ottermedia.de\/kfz-gutachter-winsen\/wp-json\/wp\/v2\/pages\/130628\/revisions\/130739"}],"wp:attachment":[{"href":"https:\/\/ottermedia.de\/kfz-gutachter-winsen\/wp-json\/wp\/v2\/media?parent=130628"}],"curies":[{"name":"wp","href":"https:\/\/api.w.org\/{rel}","templated":true}]}}