{"id":130633,"date":"2023-08-21T13:49:13","date_gmt":"2023-08-21T11:49:13","guid":{"rendered":"https:\/\/ottermedia.de\/kfz-gutachter-winsen\/?page_id=130633"},"modified":"2023-08-21T17:58:20","modified_gmt":"2023-08-21T15:58:20","slug":"vor-ort-service","status":"publish","type":"page","link":"https:\/\/ottermedia.de\/kfz-gutachter-winsen\/vor-ort-service\/","title":{"rendered":"Vor-Ort-Service"},"content":{"rendered":"<section class=\"wpb-content-wrapper\"><p>[vc_row row_height_percent=&#8220;0&#8243; override_padding=&#8220;yes&#8220; h_padding=&#8220;2&#8243; top_padding=&#8220;3&#8243; bottom_padding=&#8220;1&#8243; overlay_alpha=&#8220;50&#8243; gutter_size=&#8220;3&#8243; column_width_percent=&#8220;100&#8243; shift_y=&#8220;0&#8243; z_index=&#8220;0&#8243; enable_top_divider=&#8220;default&#8220; top_divider=&#8220;gradient&#8220; shape_top_h_use_pixel=&#8220;&#8220; shape_top_height=&#8220;500&#8243; shape_top_color=&#8220;color-lxmt&#8220; shape_top_opacity=&#8220;100&#8243; shape_top_index=&#8220;0&#8243; uncode_shortcode_id=&#8220;122063&#8243; shape_top_color_type=&#8220;uncode-palette&#8220;][vc_column column_width_percent=&#8220;100&#8243; gutter_size=&#8220;2&#8243; overlay_alpha=&#8220;48&#8243; shift_x=&#8220;0&#8243; shift_y=&#8220;0&#8243; shift_y_down=&#8220;0&#8243; z_index=&#8220;0&#8243; medium_width=&#8220;0&#8243; mobile_width=&#8220;0&#8243; width=&#8220;1\/1&#8243; uncode_shortcode_id=&#8220;607285&#8243;][vc_custom_heading text_color=&#8220;accent&#8220; text_size=&#8220;h6&#8243; text_transform=&#8220;uppercase&#8220; uncode_shortcode_id=&#8220;189626&#8243; text_color_type=&#8220;uncode-palette&#8220;]KFZ-Gutachter Winsen[\/vc_custom_heading][vc_custom_heading auto_text=&#8220;yes&#8220; heading_semantic=&#8220;h1&#8243; text_size=&#8220;h1&#8243; separator=&#8220;yes&#8220; separator_color=&#8220;yes&#8220; uncode_shortcode_id=&#8220;182268&#8243;]This is a custom heading element.[\/vc_custom_heading][\/vc_column][\/vc_row][vc_row row_height_percent=&#8220;0&#8243; override_padding=&#8220;yes&#8220; h_padding=&#8220;2&#8243; top_padding=&#8220;2&#8243; bottom_padding=&#8220;1&#8243; overlay_alpha=&#8220;50&#8243; gutter_size=&#8220;3&#8243; column_width_percent=&#8220;100&#8243; shift_y=&#8220;0&#8243; z_index=&#8220;0&#8243; uncode_shortcode_id=&#8220;388356&#8243;][vc_column width=&#8220;1\/1&#8243;][vc_column_text uncode_shortcode_id=&#8220;485260&#8243;]Unser KFZ-Sachverst\u00e4ndigenb\u00fcro bietet alle gutachterlichen Dienstleistungen und Informationen, die Sie ben\u00f6tigen, wenn Sie zum Beispiel mit Ihrem Fahrzeug einen Unfall hatten oder eine Fahrzeugbewertung mittels Gutachten ben\u00f6tigen.<\/p>\n<p>Unsere kompetenten und zuverl\u00e4ssigen KFZ-Sachverst\u00e4ndigen helfen Ihnen im Schadenfall schnellstm\u00f6glich mit Rat und Tat.<\/p>\n<p>Noch am Tage Ihrer Anfrage bieten wir Ihnen einen Termin an. Dabei orentieren wir uns m\u00f6glichst an Ihrem Zeitplan, auf Wunsch auch am Wochenende.<\/p>\n<p>Wenn zur Begutachtung keine Hebeb\u00fchne ben\u00f6tigt wird, nehmen wir den Schaden direkt bei Ihnen am Standort des Fahrzeugs auf.<\/p>\n<p>Das sind schon die wichtigsten Schritte zur Unfallschadenregulierung:<\/p>\n<ul>\n<li>Schnellstm\u00f6glicher Begutachtungstermin<\/li>\n<li>Kostenlose Beratung direkt bei Ihnen<\/li>\n<li>Festlegung des optimalen Reparaturweges<\/li>\n<li>Ermitteln der notwendigen Reparaturkosten und der Reparaturdauer<\/li>\n<li>Ermitteln des Wiederbeschaffungswertes, der Nutzungsausfallentsch\u00e4digung und einer eventuellen merkantilen Wertminderung<\/li>\n<li>Ermitteln des Restwertes und der Wiederbeschaffungsdauer bei Totalschaden<\/li>\n<li>\u00dcberwiegende Erstellung des Gutachtens innerhalb eines Werktages und \u00dcbermittlung an die Versicherung<\/li>\n<li>Wenn Sie es w\u00fcnschen, rechnen wir die Gutachtenkosten direkt mit der gegenerischen Versicherung ab. Sie brauchen nicht in Vorleistung zu treten.<\/li>\n<li>Gerne arbeiten wir mit der Werkstatt und dem Anwalt Ihres Vertauens zusammen.<\/li>\n<\/ul>\n<p>[\/vc_column_text][\/vc_column][\/vc_row][vc_row][vc_column column_width_percent=&#8220;100&#8243; gutter_size=&#8220;3&#8243; back_color=&#8220;color-vyce&#8220; overlay_alpha=&#8220;50&#8243; shift_x=&#8220;0&#8243; shift_y=&#8220;0&#8243; shift_y_down=&#8220;0&#8243; z_index=&#8220;0&#8243; medium_width=&#8220;0&#8243; mobile_width=&#8220;0&#8243; width=&#8220;1\/1&#8243; uncode_shortcode_id=&#8220;102270&#8243; back_color_type=&#8220;uncode-palette&#8220;][vc_column_text uncode_shortcode_id=&#8220;475259&#8243;]<strong>Wichtiger Hinweis f\u00fcr Gesch\u00e4dlgte<\/strong><br \/>\nLassen Sie sich nicht auf eine Schadenbegutachtung durch den Versicherer selbst ein. Die Wahl eines freien und unabh\u00e4ngigen KFZ-Sachverst\u00e4ndigen obliegt immer Ihnen. Auch die Reparaturwerkstatt d\u00fcrfen sie frei w\u00e4hlen. Selbstverst\u00e4ndlich d\u00fcrfen sie auch einen Rechtsanwalt zur Schadenregulierung hinzuziehen. Auch die Kosten des Anwalts muss die gegenerische Versicherung tragen.[\/vc_column_text][\/vc_column][\/vc_row][vc_row][vc_column width=&#8220;1\/1&#8243;][\/vc_column][\/vc_row]<\/p>\n<\/section>","protected":false},"excerpt":{"rendered":"<p>[vc_row row_height_percent=&#8220;0&#8243; override_padding=&#8220;yes&#8220; h_padding=&#8220;2&#8243; top_padding=&#8220;3&#8243; bottom_padding=&#8220;1&#8243; overlay_alpha=&#8220;50&#8243; gutter_size=&#8220;3&#8243; column_width_percent=&#8220;100&#8243; shift_y=&#8220;0&#8243; z_index=&#8220;0&#8243; enable_top_divider=&#8220;default&#8220; top_divider=&#8220;gradient&#8220; shape_top_h_use_pixel=&#8220;&#8220; shape_top_height=&#8220;500&#8243; shape_top_color=&#8220;color-lxmt&#8220; shape_top_opacity=&#8220;100&#8243; shape_top_index=&#8220;0&#8243; uncode_shortcode_id=&#8220;122063&#8243; shape_top_color_type=&#8220;uncode-palette&#8220;][vc_column [&hellip;]<\/p>\n","protected":false},"author":1,"featured_media":0,"parent":0,"menu_order":0,"comment_status":"closed","ping_status":"closed","template":"","meta":{"footnotes":""},"class_list":["post-130633","page","type-page","status-publish","hentry"],"yoast_head":"<!-- This site is optimized with the Yoast SEO plugin v21.0 - https:\/\/yoast.com\/wordpress\/plugins\/seo\/ -->\n<title>Vor-Ort-Service - KFZ Gutachter Winsen \u2013 Bj\u00f6rn Ewert<\/title>\n<meta name=\"robots\" content=\"index, follow, max-snippet:-1, max-image-preview:large, max-video-preview:-1\" \/>\n<link rel=\"canonical\" href=\"https:\/\/ottermedia.de\/kfz-gutachter-winsen\/vor-ort-service\/\" \/>\n<meta property=\"og:locale\" content=\"de_DE\" \/>\n<meta property=\"og:type\" content=\"article\" \/>\n<meta property=\"og:title\" content=\"Vor-Ort-Service - KFZ Gutachter Winsen \u2013 Bj\u00f6rn Ewert\" \/>\n<meta property=\"og:description\" content=\"[vc_row row_height_percent=&#8220;0&#8243; override_padding=&#8220;yes&#8220; h_padding=&#8220;2&#8243; top_padding=&#8220;3&#8243; bottom_padding=&#8220;1&#8243; overlay_alpha=&#8220;50&#8243; gutter_size=&#8220;3&#8243; column_width_percent=&#8220;100&#8243; shift_y=&#8220;0&#8243; z_index=&#8220;0&#8243; enable_top_divider=&#8220;default&#8220; top_divider=&#8220;gradient&#8220; shape_top_h_use_pixel=&#8220;&#8220; shape_top_height=&#8220;500&#8243; shape_top_color=&#8220;color-lxmt&#8220; shape_top_opacity=&#8220;100&#8243; shape_top_index=&#8220;0&#8243; uncode_shortcode_id=&#8220;122063&#8243; shape_top_color_type=&#8220;uncode-palette&#8220;][vc_column [&hellip;]\" \/>\n<meta property=\"og:url\" content=\"https:\/\/ottermedia.de\/kfz-gutachter-winsen\/vor-ort-service\/\" \/>\n<meta property=\"og:site_name\" content=\"KFZ Gutachter Winsen \u2013 Bj\u00f6rn Ewert\" \/>\n<meta property=\"article:modified_time\" content=\"2023-08-21T15:58:20+00:00\" \/>\n<meta name=\"twitter:card\" content=\"summary_large_image\" \/>\n<meta name=\"twitter:label1\" content=\"Gesch\u00e4tzte Lesezeit\" \/>\n\t<meta name=\"twitter:data1\" content=\"2\u00a0Minuten\" \/>\n<script type=\"application\/ld+json\" class=\"yoast-schema-graph\">{\"@context\":\"https:\/\/schema.org\",\"@graph\":[{\"@type\":\"WebPage\",\"@id\":\"https:\/\/ottermedia.de\/kfz-gutachter-winsen\/vor-ort-service\/\",\"url\":\"https:\/\/ottermedia.de\/kfz-gutachter-winsen\/vor-ort-service\/\",\"name\":\"Vor-Ort-Service - KFZ Gutachter Winsen \u2013 Bj\u00f6rn Ewert\",\"isPartOf\":{\"@id\":\"https:\/\/ottermedia.de\/kfz-gutachter-winsen\/#website\"},\"datePublished\":\"2023-08-21T11:49:13+00:00\",\"dateModified\":\"2023-08-21T15:58:20+00:00\",\"breadcrumb\":{\"@id\":\"https:\/\/ottermedia.de\/kfz-gutachter-winsen\/vor-ort-service\/#breadcrumb\"},\"inLanguage\":\"de\",\"potentialAction\":[{\"@type\":\"ReadAction\",\"target\":[\"https:\/\/ottermedia.de\/kfz-gutachter-winsen\/vor-ort-service\/\"]}]},{\"@type\":\"BreadcrumbList\",\"@id\":\"https:\/\/ottermedia.de\/kfz-gutachter-winsen\/vor-ort-service\/#breadcrumb\",\"itemListElement\":[{\"@type\":\"ListItem\",\"position\":1,\"name\":\"Startseite\",\"item\":\"https:\/\/ottermedia.de\/kfz-gutachter-winsen\/\"},{\"@type\":\"ListItem\",\"position\":2,\"name\":\"Vor-Ort-Service\"}]},{\"@type\":\"WebSite\",\"@id\":\"https:\/\/ottermedia.de\/kfz-gutachter-winsen\/#website\",\"url\":\"https:\/\/ottermedia.de\/kfz-gutachter-winsen\/\",\"name\":\"KFZ Gutachter Winsen \u2013 Bj\u00f6rn Ewert\",\"description\":\"Unabh\u00e4ngiger KFZ Gutachter Winsen, Maschen, L\u00fcneburg und Umgebung\",\"potentialAction\":[{\"@type\":\"SearchAction\",\"target\":{\"@type\":\"EntryPoint\",\"urlTemplate\":\"https:\/\/ottermedia.de\/kfz-gutachter-winsen\/?s={search_term_string}\"},\"query-input\":\"required name=search_term_string\"}],\"inLanguage\":\"de\"}]}<\/script>\n<!-- \/ Yoast SEO plugin. -->","yoast_head_json":{"title":"Vor-Ort-Service - KFZ Gutachter Winsen \u2013 Bj\u00f6rn Ewert","robots":{"index":"index","follow":"follow","max-snippet":"max-snippet:-1","max-image-preview":"max-image-preview:large","max-video-preview":"max-video-preview:-1"},"canonical":"https:\/\/ottermedia.de\/kfz-gutachter-winsen\/vor-ort-service\/","og_locale":"de_DE","og_type":"article","og_title":"Vor-Ort-Service - KFZ Gutachter Winsen \u2013 Bj\u00f6rn Ewert","og_description":"[vc_row row_height_percent=&#8220;0&#8243; override_padding=&#8220;yes&#8220; h_padding=&#8220;2&#8243; top_padding=&#8220;3&#8243; bottom_padding=&#8220;1&#8243; overlay_alpha=&#8220;50&#8243; gutter_size=&#8220;3&#8243; column_width_percent=&#8220;100&#8243; shift_y=&#8220;0&#8243; z_index=&#8220;0&#8243; enable_top_divider=&#8220;default&#8220; top_divider=&#8220;gradient&#8220; shape_top_h_use_pixel=&#8220;&#8220; shape_top_height=&#8220;500&#8243; shape_top_color=&#8220;color-lxmt&#8220; shape_top_opacity=&#8220;100&#8243; shape_top_index=&#8220;0&#8243; uncode_shortcode_id=&#8220;122063&#8243; shape_top_color_type=&#8220;uncode-palette&#8220;][vc_column [&hellip;]","og_url":"https:\/\/ottermedia.de\/kfz-gutachter-winsen\/vor-ort-service\/","og_site_name":"KFZ Gutachter Winsen \u2013 Bj\u00f6rn Ewert","article_modified_time":"2023-08-21T15:58:20+00:00","twitter_card":"summary_large_image","twitter_misc":{"Gesch\u00e4tzte Lesezeit":"2\u00a0Minuten"},"schema":{"@context":"https:\/\/schema.org","@graph":[{"@type":"WebPage","@id":"https:\/\/ottermedia.de\/kfz-gutachter-winsen\/vor-ort-service\/","url":"https:\/\/ottermedia.de\/kfz-gutachter-winsen\/vor-ort-service\/","name":"Vor-Ort-Service - KFZ Gutachter Winsen \u2013 Bj\u00f6rn Ewert","isPartOf":{"@id":"https:\/\/ottermedia.de\/kfz-gutachter-winsen\/#website"},"datePublished":"2023-08-21T11:49:13+00:00","dateModified":"2023-08-21T15:58:20+00:00","breadcrumb":{"@id":"https:\/\/ottermedia.de\/kfz-gutachter-winsen\/vor-ort-service\/#breadcrumb"},"inLanguage":"de","potentialAction":[{"@type":"ReadAction","target":["https:\/\/ottermedia.de\/kfz-gutachter-winsen\/vor-ort-service\/"]}]},{"@type":"BreadcrumbList","@id":"https:\/\/ottermedia.de\/kfz-gutachter-winsen\/vor-ort-service\/#breadcrumb","itemListElement":[{"@type":"ListItem","position":1,"name":"Startseite","item":"https:\/\/ottermedia.de\/kfz-gutachter-winsen\/"},{"@type":"ListItem","position":2,"name":"Vor-Ort-Service"}]},{"@type":"WebSite","@id":"https:\/\/ottermedia.de\/kfz-gutachter-winsen\/#website","url":"https:\/\/ottermedia.de\/kfz-gutachter-winsen\/","name":"KFZ Gutachter Winsen \u2013 Bj\u00f6rn Ewert","description":"Unabh\u00e4ngiger KFZ Gutachter Winsen, Maschen, L\u00fcneburg und Umgebung","potentialAction":[{"@type":"SearchAction","target":{"@type":"EntryPoint","urlTemplate":"https:\/\/ottermedia.de\/kfz-gutachter-winsen\/?s={search_term_string}"},"query-input":"required name=search_term_string"}],"inLanguage":"de"}]}},"_links":{"self":[{"href":"https:\/\/ottermedia.de\/kfz-gutachter-winsen\/wp-json\/wp\/v2\/pages\/130633","targetHints":{"allow":["GET"]}}],"collection":[{"href":"https:\/\/ottermedia.de\/kfz-gutachter-winsen\/wp-json\/wp\/v2\/pages"}],"about":[{"href":"https:\/\/ottermedia.de\/kfz-gutachter-winsen\/wp-json\/wp\/v2\/types\/page"}],"author":[{"embeddable":true,"href":"https:\/\/ottermedia.de\/kfz-gutachter-winsen\/wp-json\/wp\/v2\/users\/1"}],"replies":[{"embeddable":true,"href":"https:\/\/ottermedia.de\/kfz-gutachter-winsen\/wp-json\/wp\/v2\/comments?post=130633"}],"version-history":[{"count":2,"href":"https:\/\/ottermedia.de\/kfz-gutachter-winsen\/wp-json\/wp\/v2\/pages\/130633\/revisions"}],"predecessor-version":[{"id":130740,"href":"https:\/\/ottermedia.de\/kfz-gutachter-winsen\/wp-json\/wp\/v2\/pages\/130633\/revisions\/130740"}],"wp:attachment":[{"href":"https:\/\/ottermedia.de\/kfz-gutachter-winsen\/wp-json\/wp\/v2\/media?parent=130633"}],"curies":[{"name":"wp","href":"https:\/\/api.w.org\/{rel}","templated":true}]}}